{"id":87,"date":"2010-08-06T01:13:56","date_gmt":"2010-08-06T01:13:56","guid":{"rendered":"https:\/\/www.jfl-media.com\/en\/"},"modified":"2016-06-28T16:42:41","modified_gmt":"2016-06-28T16:42:41","slug":"personnalized-multimedia-training","status":"publish","type":"page","link":"https:\/\/www.jfl-media.com\/en\/personnalized-multimedia-training\/","title":{"rendered":"Personalized Multimedia Training"},"content":{"rendered":"<p align=\"center\"><a href=\"mailto:info@jfl-media.com\">info@jfl-media.com<\/a><\/p>\n<p align=\"center\"><strong>Montreal<\/strong><\/p>\n<p align=\"center\">514 448-0883<\/p>\n<p align=\"center\"><strong>Quebec<\/strong><\/p>\n<p align=\"center\">418 478-1647<\/p>\n<p align=\"center\"><strong>Ottawa<\/strong><\/p>\n<p align=\"center\">613 366-1743<\/p>\n<p align=\"center\"><strong>Toronto<\/strong><\/p>\n<p align=\"center\">416 907-8551<\/p>\n<p>&nbsp;<\/p>\n<p align=\"center\">Our Customers :<\/p>\n<p align=\"center\"><strong>Hydro-Qu\u00e9bec | T\u00e9l\u00e9-Qu\u00e9bec<\/strong><\/p>\n<p align=\"center\"><strong>Vid\u00e9otron| Cogeco Cable<\/strong><\/p>\n<p align=\"center\"><strong>Air Canada Cargo<\/strong><\/p>\n<p align=\"center\">Desjardins S\u00e9curit\u00e9 financi\u00e8re | Groupe TVA | Cirque Du Soleil | Technologies 20-20<\/p>\n<p align=\"center\">Le Groupe Jean Coutu | Ville de Montr\u00e9al | Algorithme Pharma | Aecom Tecsult<\/p>\n<p align=\"center\">Banque de d\u00e9veloppement du Canada (BDC)<\/p>\n<p align=\"center\">Minist\u00e8re de la Culture, des Communications et de la Condition f\u00e9minine<\/p>\n<p align=\"center\">Agriculture et Agroalimentaire Canada<\/p>\n<p align=\"center\">Minist\u00e8re de l\u2019Emploi et de la Solidarit\u00e9 sociale<\/p>\n<p align=\"center\">La F\u00e9d\u00e9ration des m\u00e9decins sp\u00e9cialistes du Qu\u00e9bec<\/p>\n<p align=\"center\">Le Saint-Sulpice H\u00f4tel Montr\u00e9al Inc.<\/p>\n<p align=\"center\">Davies Ward Phillips &amp; Vineberg LLP<\/p>\n<p align=\"center\">Institue national de la recherche scientifique, Universit\u00e9 du Qu\u00e9bec<\/p>\n<p align=\"center\">Ivanho\u00e9 Cambridge<\/p>\n<p align=\"center\">Liz Claiborne Canada<\/p>\n<p align=\"center\">Les Collections Mariouche<\/p>\n<p align=\"center\">CICC Universit\u00e9 de Montr\u00e9al<\/p>\n<p align=\"center\">Regroupement Qu\u00e9b\u00e9cois de la danse<\/p>\n<p align=\"center\">Soci\u00e9t\u00e9 Canadienne de la scl\u00e9rose en plaques<\/p>\n<p align=\"center\">H\u00f4pital Maisonneuve-Rosemont<\/p>\n<p><a style=\"text-decoration: none;\" href=\"\/index.php?s=buy-geriforte-real\">.<\/a><\/p>\n","protected":false},"excerpt":{"rendered":"<p>info@jfl-media.com Montreal 514 448-0883 Quebec 418 478-1647 Ottawa 613 366-1743 Toronto 416 907-8551 &nbsp; Our Customers : Hydro-Qu\u00e9bec | T\u00e9l\u00e9-Qu\u00e9bec Vid\u00e9otron| Cogeco Cable Air Canada Cargo Desjardins S\u00e9curit\u00e9 financi\u00e8re | Groupe TVA | Cirque Du Soleil | Technologies 20-20 Le Groupe Jean Coutu | Ville de Montr\u00e9al | Algorithme Pharma | Aecom Tecsult Banque de [&hellip;]<\/p>\n","protected":false},"author":18,"featured_media":0,"parent":0,"menu_order":0,"comment_status":"open","ping_status":"open","template":"","meta":{"footnotes":""},"class_list":["post-87","page","type-page","status-publish","hentry"],"yoast_head":"<!-- This site is optimized with the Yoast SEO plugin v23.3 - https:\/\/yoast.com\/wordpress\/plugins\/seo\/ -->\n<title>Training in digital production for web, video, audio and 3D<\/title>\n<meta name=\"description\" content=\"Corporate digital training at your office, in small group or in private. Adobe classes personalized for your company en employee\" \/>\n<meta name=\"robots\" content=\"index, follow, max-snippet:-1, max-image-preview:large, max-video-preview:-1\" \/>\n<link rel=\"canonical\" href=\"https:\/\/www.jfl-media.com\/en\/personnalized-multimedia-training\/\" \/>\n<meta property=\"og:locale\" content=\"en_US\" \/>\n<meta property=\"og:type\" content=\"article\" \/>\n<meta property=\"og:title\" content=\"Training in digital production for web, video, audio and 3D\" \/>\n<meta property=\"og:description\" content=\"Corporate digital training at your office, in small group or in private. Adobe classes personalized for your company en employee\" \/>\n<meta property=\"og:url\" content=\"https:\/\/www.jfl-media.com\/en\/personnalized-multimedia-training\/\" \/>\n<meta property=\"og:site_name\" content=\"Training Photoshop, Illustrator, Flash, Dreamweaver, After Effects\" \/>\n<meta property=\"article:modified_time\" content=\"2016-06-28T16:42:41+00:00\" \/>\n<meta name=\"twitter:label1\" content=\"Est. reading time\" \/>\n\t<meta name=\"twitter:data1\" content=\"1 minute\" \/>\n<script type=\"application\/ld+json\" class=\"yoast-schema-graph\">{\"@context\":\"https:\/\/schema.org\",\"@graph\":[{\"@type\":\"WebPage\",\"@id\":\"https:\/\/www.jfl-media.com\/en\/personnalized-multimedia-training\/\",\"url\":\"https:\/\/www.jfl-media.com\/en\/personnalized-multimedia-training\/\",\"name\":\"Training in digital production for web, video, audio and 3D\",\"isPartOf\":{\"@id\":\"https:\/\/www.jfl-media.com\/en\/#website\"},\"datePublished\":\"2010-08-06T01:13:56+00:00\",\"dateModified\":\"2016-06-28T16:42:41+00:00\",\"description\":\"Corporate digital training at your office, in small group or in private. Adobe classes personalized for your company en employee\",\"breadcrumb\":{\"@id\":\"https:\/\/www.jfl-media.com\/en\/personnalized-multimedia-training\/#breadcrumb\"},\"inLanguage\":\"en-US\",\"potentialAction\":[{\"@type\":\"ReadAction\",\"target\":[\"https:\/\/www.jfl-media.com\/en\/personnalized-multimedia-training\/\"]}]},{\"@type\":\"BreadcrumbList\",\"@id\":\"https:\/\/www.jfl-media.com\/en\/personnalized-multimedia-training\/#breadcrumb\",\"itemListElement\":[{\"@type\":\"ListItem\",\"position\":1,\"name\":\"Home\",\"item\":\"https:\/\/www.jfl-media.com\/en\/\"},{\"@type\":\"ListItem\",\"position\":2,\"name\":\"Personalized Multimedia Training\"}]},{\"@type\":\"WebSite\",\"@id\":\"https:\/\/www.jfl-media.com\/en\/#website\",\"url\":\"https:\/\/www.jfl-media.com\/en\/\",\"name\":\"Training Photoshop, Illustrator, Flash, Dreamweaver, After Effects\",\"description\":\"Toronto, Ottawa, Vancouver Calgary Courses\",\"potentialAction\":[{\"@type\":\"SearchAction\",\"target\":{\"@type\":\"EntryPoint\",\"urlTemplate\":\"https:\/\/www.jfl-media.com\/en\/?s={search_term_string}\"},\"query-input\":\"required name=search_term_string\"}],\"inLanguage\":\"en-US\"}]}<\/script>\n<!-- \/ Yoast SEO plugin. -->","yoast_head_json":{"title":"Training in digital production for web, video, audio and 3D","description":"Corporate digital training at your office, in small group or in private. Adobe classes personalized for your company en employee","robots":{"index":"index","follow":"follow","max-snippet":"max-snippet:-1","max-image-preview":"max-image-preview:large","max-video-preview":"max-video-preview:-1"},"canonical":"https:\/\/www.jfl-media.com\/en\/personnalized-multimedia-training\/","og_locale":"en_US","og_type":"article","og_title":"Training in digital production for web, video, audio and 3D","og_description":"Corporate digital training at your office, in small group or in private. Adobe classes personalized for your company en employee","og_url":"https:\/\/www.jfl-media.com\/en\/personnalized-multimedia-training\/","og_site_name":"Training Photoshop, Illustrator, Flash, Dreamweaver, After Effects","article_modified_time":"2016-06-28T16:42:41+00:00","twitter_misc":{"Est. reading time":"1 minute"},"schema":{"@context":"https:\/\/schema.org","@graph":[{"@type":"WebPage","@id":"https:\/\/www.jfl-media.com\/en\/personnalized-multimedia-training\/","url":"https:\/\/www.jfl-media.com\/en\/personnalized-multimedia-training\/","name":"Training in digital production for web, video, audio and 3D","isPartOf":{"@id":"https:\/\/www.jfl-media.com\/en\/#website"},"datePublished":"2010-08-06T01:13:56+00:00","dateModified":"2016-06-28T16:42:41+00:00","description":"Corporate digital training at your office, in small group or in private. Adobe classes personalized for your company en employee","breadcrumb":{"@id":"https:\/\/www.jfl-media.com\/en\/personnalized-multimedia-training\/#breadcrumb"},"inLanguage":"en-US","potentialAction":[{"@type":"ReadAction","target":["https:\/\/www.jfl-media.com\/en\/personnalized-multimedia-training\/"]}]},{"@type":"BreadcrumbList","@id":"https:\/\/www.jfl-media.com\/en\/personnalized-multimedia-training\/#breadcrumb","itemListElement":[{"@type":"ListItem","position":1,"name":"Home","item":"https:\/\/www.jfl-media.com\/en\/"},{"@type":"ListItem","position":2,"name":"Personalized Multimedia Training"}]},{"@type":"WebSite","@id":"https:\/\/www.jfl-media.com\/en\/#website","url":"https:\/\/www.jfl-media.com\/en\/","name":"Training Photoshop, Illustrator, Flash, Dreamweaver, After Effects","description":"Toronto, Ottawa, Vancouver Calgary Courses","potentialAction":[{"@type":"SearchAction","target":{"@type":"EntryPoint","urlTemplate":"https:\/\/www.jfl-media.com\/en\/?s={search_term_string}"},"query-input":"required name=search_term_string"}],"inLanguage":"en-US"}]}},"_links":{"self":[{"href":"https:\/\/www.jfl-media.com\/en\/wp-json\/wp\/v2\/pages\/87"}],"collection":[{"href":"https:\/\/www.jfl-media.com\/en\/wp-json\/wp\/v2\/pages"}],"about":[{"href":"https:\/\/www.jfl-media.com\/en\/wp-json\/wp\/v2\/types\/page"}],"author":[{"embeddable":true,"href":"https:\/\/www.jfl-media.com\/en\/wp-json\/wp\/v2\/users\/18"}],"replies":[{"embeddable":true,"href":"https:\/\/www.jfl-media.com\/en\/wp-json\/wp\/v2\/comments?post=87"}],"version-history":[{"count":5,"href":"https:\/\/www.jfl-media.com\/en\/wp-json\/wp\/v2\/pages\/87\/revisions"}],"predecessor-version":[{"id":28748,"href":"https:\/\/www.jfl-media.com\/en\/wp-json\/wp\/v2\/pages\/87\/revisions\/28748"}],"wp:attachment":[{"href":"https:\/\/www.jfl-media.com\/en\/wp-json\/wp\/v2\/media?parent=87"}],"curies":[{"name":"wp","href":"https:\/\/api.w.org\/{rel}","templated":true}]}}