{"id":136,"date":"2010-09-09T20:32:14","date_gmt":"2010-09-09T20:32:14","guid":{"rendered":"https:\/\/www.jfl-media.com\/en\/"},"modified":"2022-09-21T20:01:44","modified_gmt":"2022-09-21T20:01:44","slug":"contact","status":"publish","type":"page","link":"https:\/\/www.jfl-media.com\/en\/contact\/","title":{"rendered":"Contact us for free personalized quote"},"content":{"rendered":"<h2 style=\"text-align: center;\"><span style=\"color: #000000;\">Customized training in multimedia<\/span><\/h2>\n<p align=\"center\"><span style=\"font-size: small;\">Montreal:<\/span><\/p>\n<p align=\"center\"><span style=\"font-size: small;\"><strong><span style=\"background-color: #ffffff;\">\u00a0514 448-0883<\/span><\/strong><\/span><\/p>\n<p align=\"center\"><span style=\"font-size: small;\">Ottawa:<\/span><\/p>\n<p align=\"center\"><span style=\"font-size: small;\"><strong>613 366-1743<\/strong><\/span><\/p>\n<p align=\"center\"><span style=\"font-size: small;\">Toronto:<\/span><\/p>\n<p align=\"center\"><span style=\"font-size: small;\"><strong>416 907-8551<\/strong><\/span><\/p>\n<p align=\"center\"><span style=\"font-size: small;\">Calgary:<\/span><\/p>\n<p align=\"center\"><span style=\"font-size: small;\"><strong>403 536-0703<\/strong><\/span><\/p>\n<p align=\"center\">Edmonton:<\/p>\n<p align=\"center\"><b>780-669-6585<\/b><\/p>\n<p align=\"center\"><span style=\"font-size: small;\">Vancouver:<\/span><\/p>\n<p align=\"center\"><b>778-785-5230<\/b><\/p>\n<p align=\"center\"><span style=\"font-size: small;\"><a href=\"mailto:info@jfl-media.com\"><span style=\"background-color: #ffffff;\">info@jfl-media.com<\/span><\/a><\/span><\/p>\n<p>&nbsp;<\/p>\n<p style=\"text-align: left;\" align=\"center\"><span style=\"color: #3d82c2;\"><strong><span style=\"text-decoration: underline;\">Customers:<\/span><\/strong><\/span><\/p>\n<ul>\n<li><span style=\"background-color: #ffffff;\">Hydro-Qu\u00e9bec | T\u00e9le-Qu\u00e9bec<\/span><\/li>\n<li>Vid\u00e9otron | Cogeco C\u00e2ble<\/li>\n<li>Air Canada Cargo<\/li>\n<li><span style=\"background-color: #ffffff;\">Desjardins Financial Security | TVA | Cirque Du Soleil | 20-20<\/span><\/li>\n<li><span style=\"background-color: #ffffff;\">The Jean Coutu Group | Montr\u00e9al | Algorithme Pharma | Aecom Tecsult<\/span><\/li>\n<li><span style=\"background-color: #ffffff;\">Business Development Bank of Canada (BDC)<\/span><\/li>\n<li>Minist\u00e8re de la Culture, des Communications and the Status of Women<\/li>\n<li><span style=\"background-color: #ffffff;\">Agriculture and Agri-Food Canada<\/span><\/li>\n<li><span style=\"background-color: #ffffff;\">Department of Employment and Social Solidarity<\/span><\/li>\n<li><span style=\"background-color: #ffffff;\">The Federation of Medical Specialists of Quebec<\/span><\/li>\n<li><span style=\"background-color: #ffffff;\">Le Saint-Sulpice H\u00f4tel Montr\u00e9al Inc.<\/span><\/li>\n<li><span style=\"background-color: #ffffff;\">Davies Ward Phillips &amp; Vineberg LLP<\/span><\/li>\n<li><span style=\"background-color: #ffffff;\">National Institution of Scientific Research, University of Quebec<\/span><\/li>\n<li><span style=\"background-color: #ffffff;\">Ivanhoe Cambridge<\/span><\/li>\n<li><span style=\"background-color: #ffffff;\">Liz Claiborne Canada<\/span><\/li>\n<li><span style=\"background-color: #ffffff;\">Collections Mariouche<\/span><\/li>\n<li>CICC Universit\u00e9 de Montr\u00e9al<\/li>\n<li><span style=\"background-color: #ffffff;\">Regroupement qu\u00e9b\u00e9cois de la danse<\/span><\/li>\n<li><span style=\"background-color: #ffffff;\">Canadian Society of Multiple Sclerosis<\/span><\/li>\n<li>Maisonneuve-Rosemont Hospital<\/li>\n<\/ul>\n","protected":false},"excerpt":{"rendered":"<p>Customized training in multimedia Montreal: \u00a0514 448-0883 Ottawa: 613 366-1743 Toronto: 416 907-8551 Calgary: 403 536-0703 Edmonton: 780-669-6585 Vancouver: 778-785-5230 info@jfl-media.com &nbsp; Customers: Hydro-Qu\u00e9bec | T\u00e9le-Qu\u00e9bec Vid\u00e9otron | Cogeco C\u00e2ble Air Canada Cargo Desjardins Financial Security | TVA | Cirque Du Soleil | 20-20 The Jean Coutu Group | Montr\u00e9al | Algorithme Pharma | Aecom [&hellip;]<\/p>\n","protected":false},"author":18,"featured_media":0,"parent":0,"menu_order":0,"comment_status":"open","ping_status":"open","template":"","meta":{"footnotes":""},"class_list":["post-136","page","type-page","status-publish","hentry"],"yoast_head":"<!-- This site is optimized with the Yoast SEO plugin v23.3 - https:\/\/yoast.com\/wordpress\/plugins\/seo\/ -->\n<title>Adobe CC, Microsoft 365, Autodesk 2023 and Google Masterclass<\/title>\n<meta name=\"description\" content=\"Corporate Training for Adobe Family software Microsoft 365 and Autodesk 2023 and 3D Modeling professional Masterclass online\" \/>\n<meta name=\"robots\" content=\"index, follow, max-snippet:-1, max-image-preview:large, max-video-preview:-1\" \/>\n<link rel=\"canonical\" href=\"https:\/\/www.jfl-media.com\/en\/contact\/\" \/>\n<meta property=\"og:locale\" content=\"en_US\" \/>\n<meta property=\"og:type\" content=\"article\" \/>\n<meta property=\"og:title\" content=\"Adobe CC, Microsoft 365, Autodesk 2023 and Google Masterclass\" \/>\n<meta property=\"og:description\" content=\"Corporate Training for Adobe Family software Microsoft 365 and Autodesk 2023 and 3D Modeling professional Masterclass online\" \/>\n<meta property=\"og:url\" content=\"https:\/\/www.jfl-media.com\/en\/contact\/\" \/>\n<meta property=\"og:site_name\" content=\"Training Photoshop, Illustrator, Flash, Dreamweaver, After Effects\" \/>\n<meta property=\"article:modified_time\" content=\"2022-09-21T20:01:44+00:00\" \/>\n<meta name=\"twitter:label1\" content=\"Est. reading time\" \/>\n\t<meta name=\"twitter:data1\" content=\"1 minute\" \/>\n<script type=\"application\/ld+json\" class=\"yoast-schema-graph\">{\"@context\":\"https:\/\/schema.org\",\"@graph\":[{\"@type\":\"WebPage\",\"@id\":\"https:\/\/www.jfl-media.com\/en\/contact\/\",\"url\":\"https:\/\/www.jfl-media.com\/en\/contact\/\",\"name\":\"Adobe CC, Microsoft 365, Autodesk 2023 and Google Masterclass\",\"isPartOf\":{\"@id\":\"https:\/\/www.jfl-media.com\/en\/#website\"},\"datePublished\":\"2010-09-09T20:32:14+00:00\",\"dateModified\":\"2022-09-21T20:01:44+00:00\",\"description\":\"Corporate Training for Adobe Family software Microsoft 365 and Autodesk 2023 and 3D Modeling professional Masterclass online\",\"breadcrumb\":{\"@id\":\"https:\/\/www.jfl-media.com\/en\/contact\/#breadcrumb\"},\"inLanguage\":\"en-US\",\"potentialAction\":[{\"@type\":\"ReadAction\",\"target\":[\"https:\/\/www.jfl-media.com\/en\/contact\/\"]}]},{\"@type\":\"BreadcrumbList\",\"@id\":\"https:\/\/www.jfl-media.com\/en\/contact\/#breadcrumb\",\"itemListElement\":[{\"@type\":\"ListItem\",\"position\":1,\"name\":\"Home\",\"item\":\"https:\/\/www.jfl-media.com\/en\/\"},{\"@type\":\"ListItem\",\"position\":2,\"name\":\"Contact us for free personalized quote\"}]},{\"@type\":\"WebSite\",\"@id\":\"https:\/\/www.jfl-media.com\/en\/#website\",\"url\":\"https:\/\/www.jfl-media.com\/en\/\",\"name\":\"Training Photoshop, Illustrator, Flash, Dreamweaver, After Effects\",\"description\":\"Toronto, Ottawa, Vancouver Calgary Courses\",\"potentialAction\":[{\"@type\":\"SearchAction\",\"target\":{\"@type\":\"EntryPoint\",\"urlTemplate\":\"https:\/\/www.jfl-media.com\/en\/?s={search_term_string}\"},\"query-input\":\"required name=search_term_string\"}],\"inLanguage\":\"en-US\"}]}<\/script>\n<!-- \/ Yoast SEO plugin. -->","yoast_head_json":{"title":"Adobe CC, Microsoft 365, Autodesk 2023 and Google Masterclass","description":"Corporate Training for Adobe Family software Microsoft 365 and Autodesk 2023 and 3D Modeling professional Masterclass online","robots":{"index":"index","follow":"follow","max-snippet":"max-snippet:-1","max-image-preview":"max-image-preview:large","max-video-preview":"max-video-preview:-1"},"canonical":"https:\/\/www.jfl-media.com\/en\/contact\/","og_locale":"en_US","og_type":"article","og_title":"Adobe CC, Microsoft 365, Autodesk 2023 and Google Masterclass","og_description":"Corporate Training for Adobe Family software Microsoft 365 and Autodesk 2023 and 3D Modeling professional Masterclass online","og_url":"https:\/\/www.jfl-media.com\/en\/contact\/","og_site_name":"Training Photoshop, Illustrator, Flash, Dreamweaver, After Effects","article_modified_time":"2022-09-21T20:01:44+00:00","twitter_misc":{"Est. reading time":"1 minute"},"schema":{"@context":"https:\/\/schema.org","@graph":[{"@type":"WebPage","@id":"https:\/\/www.jfl-media.com\/en\/contact\/","url":"https:\/\/www.jfl-media.com\/en\/contact\/","name":"Adobe CC, Microsoft 365, Autodesk 2023 and Google Masterclass","isPartOf":{"@id":"https:\/\/www.jfl-media.com\/en\/#website"},"datePublished":"2010-09-09T20:32:14+00:00","dateModified":"2022-09-21T20:01:44+00:00","description":"Corporate Training for Adobe Family software Microsoft 365 and Autodesk 2023 and 3D Modeling professional Masterclass online","breadcrumb":{"@id":"https:\/\/www.jfl-media.com\/en\/contact\/#breadcrumb"},"inLanguage":"en-US","potentialAction":[{"@type":"ReadAction","target":["https:\/\/www.jfl-media.com\/en\/contact\/"]}]},{"@type":"BreadcrumbList","@id":"https:\/\/www.jfl-media.com\/en\/contact\/#breadcrumb","itemListElement":[{"@type":"ListItem","position":1,"name":"Home","item":"https:\/\/www.jfl-media.com\/en\/"},{"@type":"ListItem","position":2,"name":"Contact us for free personalized quote"}]},{"@type":"WebSite","@id":"https:\/\/www.jfl-media.com\/en\/#website","url":"https:\/\/www.jfl-media.com\/en\/","name":"Training Photoshop, Illustrator, Flash, Dreamweaver, After Effects","description":"Toronto, Ottawa, Vancouver Calgary Courses","potentialAction":[{"@type":"SearchAction","target":{"@type":"EntryPoint","urlTemplate":"https:\/\/www.jfl-media.com\/en\/?s={search_term_string}"},"query-input":"required name=search_term_string"}],"inLanguage":"en-US"}]}},"_links":{"self":[{"href":"https:\/\/www.jfl-media.com\/en\/wp-json\/wp\/v2\/pages\/136"}],"collection":[{"href":"https:\/\/www.jfl-media.com\/en\/wp-json\/wp\/v2\/pages"}],"about":[{"href":"https:\/\/www.jfl-media.com\/en\/wp-json\/wp\/v2\/types\/page"}],"author":[{"embeddable":true,"href":"https:\/\/www.jfl-media.com\/en\/wp-json\/wp\/v2\/users\/18"}],"replies":[{"embeddable":true,"href":"https:\/\/www.jfl-media.com\/en\/wp-json\/wp\/v2\/comments?post=136"}],"version-history":[{"count":15,"href":"https:\/\/www.jfl-media.com\/en\/wp-json\/wp\/v2\/pages\/136\/revisions"}],"predecessor-version":[{"id":26452,"href":"https:\/\/www.jfl-media.com\/en\/wp-json\/wp\/v2\/pages\/136\/revisions\/26452"}],"wp:attachment":[{"href":"https:\/\/www.jfl-media.com\/en\/wp-json\/wp\/v2\/media?parent=136"}],"curies":[{"name":"wp","href":"https:\/\/api.w.org\/{rel}","templated":true}]}}